{"id":78,"date":"2018-04-27T18:22:00","date_gmt":"2018-04-27T18:22:00","guid":{"rendered":"https:\/\/portalfacenco.wordpress.com\/?page_id=78"},"modified":"2019-10-17T21:25:12","modified_gmt":"2019-10-17T21:25:12","slug":"descargas","status":"publish","type":"page","link":"https:\/\/camasfacenco.com\/portalfacenco\/descargas\/","title":{"rendered":"Descargas"},"content":{"rendered":"<h2 style=\"text-align: center;\"><span style=\"color: #0000ff;\">\u00bfNo tienes tiempo de pasar a las oficinas de recursos humanos? <\/span><\/h2>\n<h2 style=\"text-align: center;\"><span style=\"color: #0000ff;\">Te adjuntamos la diferente papeler\u00eda que cualquier colaborador necesitar\u00eda, lista para descargarse y llenarse. No olvides consultar a tu jefe inmediato antes de realizar un aviso o tramite.\u00a0<\/span><\/h2>\n<h3>(NUEVO) <a href=\"https:\/\/www.dropbox.com\/s\/cdx8rxgtyvfztik\/REGLAMENTO%20FACENCO%202018.pdf?dl=0\">Reglamento Interior de Facenco 2018<\/a><\/h3>\n<h3><strong><a href=\"https:\/\/www.dropbox.com\/s\/o2s204j4gamcozz\/RH_F_09_Acci%C3%B3n%20de%20Personal.xlsx?dl=0\">Acci\u00f3n de Personal<\/a>:<\/strong> Nuestras acciones de personal nos ayudan a identificar el proceso que debe llevar un colaborador en la planilla de pago. Puede usarla para indicarnos cuando tomaras vacaciones, avisar que contrajiste matrimonio, o que falleci\u00f3 un ser querido. Recuerda que debe ir firmado y autorizado por tu jefe inmediato.<\/h3>\n<h3><strong><a href=\"https:\/\/www.dropbox.com\/s\/m39fcua2y7raw8c\/BOLETAS%20IRTRA.doc?dl=0\">Boletas de IRTRA<\/a><\/strong>: Puedes solicitar con carn\u00e9 de IRTRA cuando cumplas DOS MESES en tu contrato indefinido. <strong>Debes llenar la boleta a computadora y traerla a RRHH antes de cada 30 de mes para tu respectivo tramite.\u00a0<\/strong><\/h3>\n<h3><strong><a href=\"https:\/\/www.dropbox.com\/s\/45xwytbsdjg12rf\/Solicitud%20de%20Empleo%20Facenco%20Admon.pdf?dl=0\">Solicitud de Empleo para vendedores, oficinistas y coordinadores<\/a><\/strong>: Si tienes referidos <strong>para el \u00e1rea de ventas, administraci\u00f3n, finanzas o fabrica<\/strong>, puedes imprimirles esta solicitud. Deben llenarla con LAPICERO y entreg\u00e1rselo a nuestra encargada de Desarrollo en RRHH.<\/h3>\n<h3><strong><a href=\"https:\/\/www.dropbox.com\/s\/fh7qmyfoayqsvb4\/Solicitud%20de%20Empleo%20Facenco%20operativo.pdf?dl=0\">Solicitud de Empleo para operaciones y bodega<\/a><\/strong>: Si tienes referidos <strong>para el \u00e1rea de costura, resortes, materia prima, armado, camastrones, bodega o pilotos<\/strong>, puedes imprimirles esta solicitud. Deben llenarla con LAPICERO y entreg\u00e1rselo a nuestra encargada de Desarrollo en RRHH.<\/h3>\n<h3><a href=\"https:\/\/www.dropbox.com\/s\/jhu9bslxjpk4otf\/RH_F_26_AUTORIZACI%C3%93N%20DE%20DESCUENTOS%20SOBRE%20SALARIO.docx?dl=0\">Convenio de pago<\/a>: Para aplicar a un anticipo salarial o pr\u00e9stamo interno, deber\u00e1s ponerte en contacto con RRHH, para que te indiquemos c\u00f3mo llenar el formato, seg\u00fan tus necesidades.<\/h3>\n<h3><a href=\"https:\/\/www.dropbox.com\/s\/w8072kix2i65rws\/RH_F_21_PERMISO%20DE%20SALIDA.xlsx?dl=0\">Permiso de salida<\/a>: te ayudara a salir de las instalaciones de Facenco durante tus jornadas de trabajo, por un corto periodo. Deber\u00e1s indicar el motivo de salida y cumplir con las tres firmas solicitadas por nuestros agentes de seguridad.<\/h3>\n","protected":false},"excerpt":{"rendered":"<p>\u00bfNo tienes tiempo de pasar a las oficinas de recursos humanos? Te adjuntamos la diferente papeler\u00eda que cualquier colaborador necesitar\u00eda, lista para descargarse y llenarse. No olvides consultar a tu jefe inmediato antes de realizar un aviso o tramite.\u00a0 (NUEVO) Reglamento Interior de Facenco 2018 Acci\u00f3n de Personal: Nuestras acciones de personal nos ayudan a [&hellip;]<\/p>\n","protected":false},"author":8,"featured_media":0,"parent":0,"menu_order":0,"comment_status":"closed","ping_status":"closed","template":"","meta":{"footnotes":""},"_links":{"self":[{"href":"https:\/\/camasfacenco.com\/portalfacenco\/wp-json\/wp\/v2\/pages\/78"}],"collection":[{"href":"https:\/\/camasfacenco.com\/portalfacenco\/wp-json\/wp\/v2\/pages"}],"about":[{"href":"https:\/\/camasfacenco.com\/portalfacenco\/wp-json\/wp\/v2\/types\/page"}],"author":[{"embeddable":true,"href":"https:\/\/camasfacenco.com\/portalfacenco\/wp-json\/wp\/v2\/users\/8"}],"replies":[{"embeddable":true,"href":"https:\/\/camasfacenco.com\/portalfacenco\/wp-json\/wp\/v2\/comments?post=78"}],"version-history":[{"count":5,"href":"https:\/\/camasfacenco.com\/portalfacenco\/wp-json\/wp\/v2\/pages\/78\/revisions"}],"predecessor-version":[{"id":543,"href":"https:\/\/camasfacenco.com\/portalfacenco\/wp-json\/wp\/v2\/pages\/78\/revisions\/543"}],"wp:attachment":[{"href":"https:\/\/camasfacenco.com\/portalfacenco\/wp-json\/wp\/v2\/media?parent=78"}],"curies":[{"name":"wp","href":"https:\/\/api.w.org\/{rel}","templated":true}]}}